{"id":204,"date":"2026-05-10T10:08:59","date_gmt":"2026-05-10T10:08:59","guid":{"rendered":"https:\/\/www.tuinmueble.net\/index.php\/blog\/"},"modified":"2026-05-10T17:06:35","modified_gmt":"2026-05-10T17:06:35","slug":"blog","status":"publish","type":"page","link":"http:\/\/www.tuinmueble.net\/index.php\/blog\/","title":{"rendered":"Blog inmobiliario en Madrid | Tu inmueble.net"},"content":{"rendered":"<p>[et_pb_section fb_built=\u00bb1&#8243; admin_label=\u00bbHero Blog\u00bb _builder_version=\u00bb4.27.4&#8243; _module_preset=\u00bbdefault\u00bb background_color=\u00bb#0E2A47&#8243; custom_padding=\u00bb120px||120px||true|false\u00bb global_colors_info=\u00bb{}\u00bb][et_pb_row _builder_version=\u00bb4.27.4&#8243; _module_preset=\u00bbdefault\u00bb custom_padding=\u00bb0px||0px||true|false\u00bb global_colors_info=\u00bb{}\u00bb][et_pb_column type=\u00bb4_4&#8243; _builder_version=\u00bb4.27.4&#8243; _module_preset=\u00bbdefault\u00bb global_colors_info=\u00bb{}\u00bb][et_pb_text _builder_version=\u00bb4.27.4&#8243; _module_preset=\u00bbdefault\u00bb text_font=\u00bbInter|600|||||||\u00bb text_text_color=\u00bb#7FC8B8&#8243; text_font_size=\u00bb14px\u00bb text_letter_spacing=\u00bb3px\u00bb text_line_height=\u00bb1.6em\u00bb text_orientation=\u00bbcenter\u00bb custom_margin=\u00bb||16px||false|false\u00bb global_colors_info=\u00bb{}\u00bb]<\/p>\n<p>BLOG INMOBILIARIO<\/p>\n<p>[\/et_pb_text][et_pb_text _builder_version=\u00bb4.27.4&#8243; _module_preset=\u00bbdefault\u00bb header_font=\u00bbPlayfair Display|700|||||||\u00bb header_text_color=\u00bb#FFFFFF\u00bb header_font_size=\u00bb62px\u00bb header_line_height=\u00bb1.15em\u00bb header_text_align=\u00bbcenter\u00bb header_font_size_tablet=\u00bb46px\u00bb header_font_size_phone=\u00bb36px\u00bb header_font_size_last_edited=\u00bbon|phone\u00bb custom_margin=\u00bb||24px||false|false\u00bb global_colors_info=\u00bb{}\u00bb]<\/p>\n<h1>Consejos para vender, alquilar y gestionar tu vivienda en Madrid<\/h1>\n<p>[\/et_pb_text][et_pb_text _builder_version=\u00bb4.27.4&#8243; _module_preset=\u00bbdefault\u00bb text_font=\u00bbInter||||||||\u00bb text_text_color=\u00bbrgba(255,255,255,0.85)\u00bb text_font_size=\u00bb18px\u00bb text_line_height=\u00bb1.7em\u00bb text_orientation=\u00bbcenter\u00bb max_width=\u00bb780px\u00bb module_alignment=\u00bbcenter\u00bb global_colors_info=\u00bb{}\u00bb]<\/p>\n<p>Gu\u00edas pr\u00e1cticas, an\u00e1lisis del mercado inmobiliario madrile\u00f1o y respuestas claras a las dudas m\u00e1s frecuentes de propietarios, compradores e inquilinos.<\/p>\n<p>[\/et_pb_text][\/et_pb_column][\/et_pb_row][\/et_pb_section][et_pb_section fb_built=\u00bb1&#8243; admin_label=\u00bbCategor\u00edas\u00bb _builder_version=\u00bb4.27.4&#8243; _module_preset=\u00bbdefault\u00bb background_color=\u00bb#FFFFFF\u00bb custom_padding=\u00bb100px||80px||true|false\u00bb global_colors_info=\u00bb{}\u00bb][et_pb_row _builder_version=\u00bb4.27.4&#8243; _module_preset=\u00bbdefault\u00bb global_colors_info=\u00bb{}\u00bb][et_pb_column type=\u00bb4_4&#8243; _builder_version=\u00bb4.27.4&#8243; _module_preset=\u00bbdefault\u00bb global_colors_info=\u00bb{}\u00bb][et_pb_text _builder_version=\u00bb4.27.4&#8243; _module_preset=\u00bbdefault\u00bb text_font=\u00bbInter|600|||||||\u00bb text_text_color=\u00bb#5BB3A0&#8243; text_font_size=\u00bb13px\u00bb text_letter_spacing=\u00bb3px\u00bb text_orientation=\u00bbcenter\u00bb custom_margin=\u00bb||12px||false|false\u00bb global_colors_info=\u00bb{}\u00bb]<\/p>\n<p>EXPLORA POR TEM\u00c1TICAS<\/p>\n<p>[\/et_pb_text][et_pb_text _builder_version=\u00bb4.27.4&#8243; _module_preset=\u00bbdefault\u00bb header_2_font=\u00bbPlayfair Display|700|||||||\u00bb header_2_text_color=\u00bb#0E2A47&#8243; header_2_font_size=\u00bb40px\u00bb header_2_line_height=\u00bb1.2em\u00bb header_2_text_align=\u00bbcenter\u00bb header_2_font_size_tablet=\u00bb32px\u00bb header_2_font_size_phone=\u00bb26px\u00bb header_2_font_size_last_edited=\u00bbon|phone\u00bb custom_margin=\u00bb||50px||false|false\u00bb global_colors_info=\u00bb{}\u00bb]<\/p>\n<h2>Lo que m\u00e1s interesa a propietarios y compradores<\/h2>\n<p>[\/et_pb_text][\/et_pb_column][\/et_pb_row][et_pb_row column_structure=\u00bb1_3,1_3,1_3&#8243; _builder_version=\u00bb4.27.4&#8243; _module_preset=\u00bbdefault\u00bb global_colors_info=\u00bb{}\u00bb][et_pb_column type=\u00bb1_3&#8243; _builder_version=\u00bb4.27.4&#8243; _module_preset=\u00bbdefault\u00bb global_colors_info=\u00bb{}\u00bb][et_pb_blurb title=\u00bbVender mi piso\u00bb use_icon=\u00bbon\u00bb font_icon=\u00bb||divi||400&#8243; icon_color=\u00bb#5BB3A0&#8243; icon_placement=\u00bbtop\u00bb _builder_version=\u00bb4.27.4&#8243; _module_preset=\u00bbdefault\u00bb background_color=\u00bb#F7F9FC\u00bb header_level=\u00bbh3&#8243; header_font=\u00bbPlayfair Display|700|||||||\u00bb header_text_color=\u00bb#0E2A47&#8243; header_font_size=\u00bb22px\u00bb body_font=\u00bbInter||||||||\u00bb body_text_color=\u00bb#5A6776&#8243; body_font_size=\u00bb15px\u00bb body_line_height=\u00bb1.7em\u00bb icon_font_size=\u00bb40px\u00bb custom_padding=\u00bb36px|28px|36px|28px|true|true\u00bb border_radii=\u00bbon|14px|14px|14px|14px\u00bb global_colors_info=\u00bb{}\u00bb]C\u00f3mo fijar el precio, qu\u00e9 documentaci\u00f3n necesitas, plusval\u00eda municipal e IRPF al vender en Madrid.[\/et_pb_blurb][\/et_pb_column][et_pb_column type=\u00bb1_3&#8243; _builder_version=\u00bb4.27.4&#8243; _module_preset=\u00bbdefault\u00bb global_colors_info=\u00bb{}\u00bb][et_pb_blurb title=\u00bbAlquilar con seguridad\u00bb use_icon=\u00bbon\u00bb font_icon=\u00bb||divi||400&#8243; icon_color=\u00bb#5BB3A0&#8243; icon_placement=\u00bbtop\u00bb _builder_version=\u00bb4.27.4&#8243; _module_preset=\u00bbdefault\u00bb background_color=\u00bb#F7F9FC\u00bb header_level=\u00bbh3&#8243; header_font=\u00bbPlayfair Display|700|||||||\u00bb header_text_color=\u00bb#0E2A47&#8243; header_font_size=\u00bb22px\u00bb body_font=\u00bbInter||||||||\u00bb body_text_color=\u00bb#5A6776&#8243; body_font_size=\u00bb15px\u00bb body_line_height=\u00bb1.7em\u00bb icon_font_size=\u00bb40px\u00bb custom_padding=\u00bb36px|28px|36px|28px|true|true\u00bb border_radii=\u00bbon|14px|14px|14px|14px\u00bb global_colors_info=\u00bb{}\u00bb]C\u00f3mo seleccionar inquilinos solventes, redactar el contrato y cumplir con la Ley de Vivienda.[\/et_pb_blurb][\/et_pb_column][et_pb_column type=\u00bb1_3&#8243; _builder_version=\u00bb4.27.4&#8243; _module_preset=\u00bbdefault\u00bb global_colors_info=\u00bb{}\u00bb][et_pb_blurb title=\u00bbMercado de Madrid\u00bb use_icon=\u00bbon\u00bb font_icon=\u00bb||divi||400&#8243; icon_color=\u00bb#5BB3A0&#8243; icon_placement=\u00bbtop\u00bb _builder_version=\u00bb4.27.4&#8243; _module_preset=\u00bbdefault\u00bb background_color=\u00bb#F7F9FC\u00bb header_level=\u00bbh3&#8243; header_font=\u00bbPlayfair Display|700|||||||\u00bb header_text_color=\u00bb#0E2A47&#8243; header_font_size=\u00bb22px\u00bb body_font=\u00bbInter||||||||\u00bb body_text_color=\u00bb#5A6776&#8243; body_font_size=\u00bb15px\u00bb body_line_height=\u00bb1.7em\u00bb icon_font_size=\u00bb40px\u00bb custom_padding=\u00bb36px|28px|36px|28px|true|true\u00bb border_radii=\u00bbon|14px|14px|14px|14px\u00bb global_colors_info=\u00bb{}\u00bb]An\u00e1lisis de precios por barrios, tendencias del sector y oportunidades de inversi\u00f3n en Madrid.[\/et_pb_blurb][\/et_pb_column][\/et_pb_row][\/et_pb_section][et_pb_section fb_built=\u00bb1&#8243; admin_label=\u00bb\u00daltimas entradas\u00bb _builder_version=\u00bb4.27.4&#8243; _module_preset=\u00bbdefault\u00bb background_color=\u00bb#F7F9FC\u00bb custom_padding=\u00bb100px||100px||true|false\u00bb global_colors_info=\u00bb{}\u00bb][et_pb_row _builder_version=\u00bb4.27.4&#8243; _module_preset=\u00bbdefault\u00bb global_colors_info=\u00bb{}\u00bb][et_pb_column type=\u00bb4_4&#8243; _builder_version=\u00bb4.27.4&#8243; _module_preset=\u00bbdefault\u00bb global_colors_info=\u00bb{}\u00bb][et_pb_text _builder_version=\u00bb4.27.4&#8243; _module_preset=\u00bbdefault\u00bb text_font=\u00bbInter|600|||||||\u00bb text_text_color=\u00bb#5BB3A0&#8243; text_font_size=\u00bb13px\u00bb text_letter_spacing=\u00bb3px\u00bb text_orientation=\u00bbcenter\u00bb custom_margin=\u00bb||12px||false|false\u00bb global_colors_info=\u00bb{}\u00bb]<\/p>\n<p>\u00daLTIMAS PUBLICACIONES<\/p>\n<p>[\/et_pb_text][et_pb_text _builder_version=\u00bb4.27.4&#8243; _module_preset=\u00bbdefault\u00bb header_2_font=\u00bbPlayfair Display|700|||||||\u00bb header_2_text_color=\u00bb#0E2A47&#8243; header_2_font_size=\u00bb42px\u00bb header_2_line_height=\u00bb1.2em\u00bb header_2_text_align=\u00bbcenter\u00bb header_2_font_size_tablet=\u00bb32px\u00bb header_2_font_size_phone=\u00bb28px\u00bb header_2_font_size_last_edited=\u00bbon|phone\u00bb custom_margin=\u00bb||16px||false|false\u00bb global_colors_info=\u00bb{}\u00bb]<\/p>\n<h2>Art\u00edculos del blog<\/h2>\n<p>[\/et_pb_text][et_pb_text _builder_version=\u00bb4.27.4&#8243; _module_preset=\u00bbdefault\u00bb text_font=\u00bbInter||||||||\u00bb text_text_color=\u00bb#5A6776&#8243; text_font_size=\u00bb17px\u00bb text_line_height=\u00bb1.7em\u00bb text_orientation=\u00bbcenter\u00bb max_width=\u00bb780px\u00bb module_alignment=\u00bbcenter\u00bb custom_margin=\u00bb||40px||false|false\u00bb global_colors_info=\u00bb{}\u00bb]<\/p>\n<p>Informaci\u00f3n \u00fatil y actualizada sobre el mercado inmobiliario madrile\u00f1o, redactada por nuestro equipo.<\/p>\n<p>[\/et_pb_text][et_pb_blog fullwidth=\u00bboff\u00bb posts_number=\u00bb9&#8243; include_categories=\u00bball\u00bb show_author=\u00bboff\u00bb show_date=\u00bbon\u00bb show_categories=\u00bbon\u00bb show_pagination=\u00bbon\u00bb _builder_version=\u00bb4.27.4&#8243; _module_preset=\u00bbdefault\u00bb header_level=\u00bbh3&#8243; header_font=\u00bbPlayfair Display|700|||||||\u00bb header_text_color=\u00bb#0E2A47&#8243; header_font_size=\u00bb22px\u00bb header_line_height=\u00bb1.3em\u00bb meta_font=\u00bbInter|600|||||||\u00bb meta_text_color=\u00bb#5BB3A0&#8243; meta_font_size=\u00bb12px\u00bb meta_letter_spacing=\u00bb1px\u00bb body_font=\u00bbInter||||||||\u00bb body_text_color=\u00bb#5A6776&#8243; body_font_size=\u00bb15px\u00bb body_line_height=\u00bb1.7em\u00bb read_more_font=\u00bbInter|700|||||||\u00bb read_more_text_color=\u00bb#0E2A47&#8243; pagination_font=\u00bbInter|700|||||||\u00bb pagination_text_color=\u00bb#0E2A47&#8243; custom_padding=\u00bb0px||0px||true|false\u00bb border_radii=\u00bbon|14px|14px|14px|14px\u00bb border_width_all=\u00bb1px\u00bb border_color_all=\u00bbrgba(14,42,71,0.08)\u00bb box_shadow_style=\u00bbpreset3&#8243; box_shadow_blur=\u00bb20px\u00bb box_shadow_color=\u00bbrgba(14,42,71,0.08)\u00bb global_colors_info=\u00bb{}\u00bb][\/et_pb_blog][\/et_pb_column][\/et_pb_row][\/et_pb_section][et_pb_section fb_built=\u00bb1&#8243; admin_label=\u00bbNewsletter\u00bb _builder_version=\u00bb4.27.4&#8243; _module_preset=\u00bbdefault\u00bb background_color=\u00bb#FFFFFF\u00bb custom_padding=\u00bb100px||100px||true|false\u00bb global_colors_info=\u00bb{}\u00bb][et_pb_row column_structure=\u00bb3_5,2_5&#8243; _builder_version=\u00bb4.27.4&#8243; _module_preset=\u00bbdefault\u00bb global_colors_info=\u00bb{}\u00bb][et_pb_column type=\u00bb3_5&#8243; _builder_version=\u00bb4.27.4&#8243; _module_preset=\u00bbdefault\u00bb global_colors_info=\u00bb{}\u00bb][et_pb_text _builder_version=\u00bb4.27.4&#8243; _module_preset=\u00bbdefault\u00bb text_font=\u00bbInter|600|||||||\u00bb text_text_color=\u00bb#5BB3A0&#8243; text_font_size=\u00bb13px\u00bb text_letter_spacing=\u00bb3px\u00bb custom_margin=\u00bb||12px||false|false\u00bb global_colors_info=\u00bb{}\u00bb]<\/p>\n<p>NO TE PIERDAS NADA<\/p>\n<p>[\/et_pb_text][et_pb_text _builder_version=\u00bb4.27.4&#8243; _module_preset=\u00bbdefault\u00bb header_2_font=\u00bbPlayfair Display|700|||||||\u00bb header_2_text_color=\u00bb#0E2A47&#8243; header_2_font_size=\u00bb38px\u00bb header_2_line_height=\u00bb1.2em\u00bb header_2_font_size_tablet=\u00bb32px\u00bb header_2_font_size_phone=\u00bb26px\u00bb header_2_font_size_last_edited=\u00bbon|phone\u00bb custom_margin=\u00bb||16px||false|false\u00bb global_colors_info=\u00bb{}\u00bb]<\/p>\n<h2>Suscr\u00edbete y recibe nuestras gu\u00edas inmobiliarias<\/h2>\n<p>[\/et_pb_text][et_pb_text _builder_version=\u00bb4.27.4&#8243; _module_preset=\u00bbdefault\u00bb text_font=\u00bbInter||||||||\u00bb text_text_color=\u00bb#5A6776&#8243; text_font_size=\u00bb16px\u00bb text_line_height=\u00bb1.7em\u00bb custom_margin=\u00bb||0px||false|false\u00bb global_colors_info=\u00bb{}\u00bb]<\/p>\n<p>Cada mes te enviamos los mejores art\u00edculos sobre vender, alquilar y comprar vivienda en Madrid, junto con an\u00e1lisis del mercado y consejos pr\u00e1cticos. Sin spam, solo contenido \u00fatil.<\/p>\n<p>[\/et_pb_text][\/et_pb_column][et_pb_column type=\u00bb2_5&#8243; _builder_version=\u00bb4.27.4&#8243; _module_preset=\u00bbdefault\u00bb custom_css_main_element=\u00bbdisplay:flex;align-items:center;\u00bb global_colors_info=\u00bb{}\u00bb][et_pb_text _builder_version=\u00bb4.27.4&#8243; _module_preset=\u00bbdefault\u00bb background_color=\u00bb#F7F9FC\u00bb custom_padding=\u00bb32px|32px|32px|32px|true|true\u00bb border_radii=\u00bbon|14px|14px|14px|14px\u00bb border_width_all=\u00bb1px\u00bb border_color_all=\u00bbrgba(14,42,71,0.08)\u00bb header_3_font=\u00bbPlayfair Display|700|||||||\u00bb header_3_text_color=\u00bb#0E2A47&#8243; header_3_font_size=\u00bb20px\u00bb text_font=\u00bbInter||||||||\u00bb text_text_color=\u00bb#5A6776&#8243; text_font_size=\u00bb14px\u00bb text_line_height=\u00bb1.7em\u00bb global_colors_info=\u00bb{}\u00bb]<\/p>\n<h3 style=\"margin-bottom:10px\">\u00bfTienes una duda concreta?<\/h3>\n<p style=\"margin-bottom:18px\">Si necesitas informaci\u00f3n personalizada sobre tu vivienda, escr\u00edbenos directamente y te respondemos en 24 horas.<\/p>\n<p>[\/et_pb_text][et_pb_button button_url=\u00bb\/index.php\/contacto\/\u00bb button_text=\u00bbContactar con el equipo\u00bb button_alignment=\u00bbleft\u00bb _builder_version=\u00bb4.27.4&#8243; _module_preset=\u00bbdefault\u00bb custom_button=\u00bbon\u00bb button_text_size=\u00bb15px\u00bb button_text_color=\u00bb#FFFFFF\u00bb button_bg_color=\u00bb#0E2A47&#8243; button_border_width=\u00bb0px\u00bb button_border_radius=\u00bb6px\u00bb button_letter_spacing=\u00bb1px\u00bb button_font=\u00bbInter|700|||||||\u00bb button_use_icon=\u00bboff\u00bb custom_padding=\u00bb14px|32px|14px|32px|true|true\u00bb custom_margin=\u00bb20px||0px||false|false\u00bb button_text_color__hover_enabled=\u00bbon|hover\u00bb button_text_color__hover=\u00bb#0E2A47&#8243; button_bg_color__hover_enabled=\u00bbon|hover\u00bb button_bg_color__hover=\u00bb#7FC8B8&#8243; button_bg_enable_color__hover=\u00bbon\u00bb global_colors_info=\u00bb{}\u00bb][\/et_pb_button][\/et_pb_column][\/et_pb_row][\/et_pb_section][et_pb_section fb_built=\u00bb1&#8243; admin_label=\u00bbCTA Final\u00bb _builder_version=\u00bb4.27.4&#8243; _module_preset=\u00bbdefault\u00bb background_color=\u00bb#0E2A47&#8243; custom_padding=\u00bb100px||100px||true|false\u00bb global_colors_info=\u00bb{}\u00bb][et_pb_row _builder_version=\u00bb4.27.4&#8243; _module_preset=\u00bbdefault\u00bb global_colors_info=\u00bb{}\u00bb][et_pb_column type=\u00bb4_4&#8243; _builder_version=\u00bb4.27.4&#8243; _module_preset=\u00bbdefault\u00bb global_colors_info=\u00bb{}\u00bb][et_pb_text _builder_version=\u00bb4.27.4&#8243; _module_preset=\u00bbdefault\u00bb text_font=\u00bbInter|600|||||||\u00bb text_text_color=\u00bb#7FC8B8&#8243; text_font_size=\u00bb13px\u00bb text_letter_spacing=\u00bb3px\u00bb text_orientation=\u00bbcenter\u00bb custom_margin=\u00bb||12px||false|false\u00bb global_colors_info=\u00bb{}\u00bb]<\/p>\n<p>DA EL SIGUIENTE PASO<\/p>\n<p>[\/et_pb_text][et_pb_text _builder_version=\u00bb4.27.4&#8243; _module_preset=\u00bbdefault\u00bb header_2_font=\u00bbPlayfair Display|700|||||||\u00bb header_2_text_color=\u00bb#FFFFFF\u00bb header_2_font_size=\u00bb44px\u00bb header_2_line_height=\u00bb1.2em\u00bb header_2_text_align=\u00bbcenter\u00bb header_2_font_size_tablet=\u00bb34px\u00bb header_2_font_size_phone=\u00bb28px\u00bb header_2_font_size_last_edited=\u00bbon|phone\u00bb custom_margin=\u00bb||20px||false|false\u00bb global_colors_info=\u00bb{}\u00bb]<\/p>\n<h2>\u00bfQuieres saber cu\u00e1nto vale tu vivienda en Madrid?<\/h2>\n<p>[\/et_pb_text][et_pb_text _builder_version=\u00bb4.27.4&#8243; _module_preset=\u00bbdefault\u00bb text_font=\u00bbInter||||||||\u00bb text_text_color=\u00bbrgba(255,255,255,0.85)\u00bb text_font_size=\u00bb17px\u00bb text_line_height=\u00bb1.7em\u00bb text_orientation=\u00bbcenter\u00bb max_width=\u00bb720px\u00bb module_alignment=\u00bbcenter\u00bb custom_margin=\u00bb||34px||false|false\u00bb global_colors_info=\u00bb{}\u00bb]<\/p>\n<p>Solicita tu valoraci\u00f3n gratuita y te enviaremos un informe orientativo en menos de 24 horas, sin compromiso.<\/p>\n<p>[\/et_pb_text][et_pb_button button_url=\u00bb\/#valoracion-gratuita\u00bb button_text=\u00bbSolicitar valoraci\u00f3n gratuita\u00bb button_alignment=\u00bbcenter\u00bb _builder_version=\u00bb4.27.4&#8243; _module_preset=\u00bbdefault\u00bb custom_button=\u00bbon\u00bb button_text_size=\u00bb16px\u00bb button_text_color=\u00bb#0E2A47&#8243; button_bg_color=\u00bb#7FC8B8&#8243; button_border_width=\u00bb0px\u00bb button_border_radius=\u00bb6px\u00bb button_letter_spacing=\u00bb1px\u00bb button_font=\u00bbInter|700|||||||\u00bb button_use_icon=\u00bboff\u00bb custom_padding=\u00bb16px|40px|16px|40px|true|true\u00bb button_text_color__hover_enabled=\u00bbon|hover\u00bb button_text_color__hover=\u00bb#0E2A47&#8243; button_bg_color__hover_enabled=\u00bbon|hover\u00bb button_bg_color__hover=\u00bb#5BB3A0&#8243; button_bg_enable_color__hover=\u00bbon\u00bb global_colors_info=\u00bb{}\u00bb][\/et_pb_button][\/et_pb_column][\/et_pb_row][\/et_pb_section]<\/p>\n","protected":false},"excerpt":{"rendered":"<p>BLOG INMOBILIARIOConsejos para vender, alquilar y gestionar tu vivienda en MadridGu\u00edas pr\u00e1cticas, an\u00e1lisis del mercado inmobiliario madrile\u00f1o y respuestas claras a las dudas m\u00e1s frecuentes de propietarios, compradores e inquilinos.EXPLORA POR TEM\u00c1TICASLo que m\u00e1s interesa a propietarios y compradoresC\u00f3mo fijar el precio, qu\u00e9 documentaci\u00f3n necesitas, plusval\u00eda municipal e IRPF al vender en Madrid.C\u00f3mo seleccionar inquilinos [&hellip;]<\/p>\n","protected":false},"author":1,"featured_media":0,"parent":0,"menu_order":0,"comment_status":"closed","ping_status":"closed","template":"","meta":{"_et_pb_use_builder":"on","_et_pb_old_content":"","_et_gb_content_width":"","footnotes":""},"class_list":["post-204","page","type-page","status-publish","hentry"],"yoast_head":"<!-- This site is optimized with the Yoast SEO plugin v27.5 - https:\/\/yoast.com\/product\/yoast-seo-wordpress\/ -->\n<title>Blog inmobiliario en Madrid | Tu inmueble.net - Tu inmueble.net<\/title>\n<meta name=\"robots\" content=\"index, follow, max-snippet:-1, max-image-preview:large, max-video-preview:-1\" \/>\n<link rel=\"canonical\" href=\"https:\/\/www.tuinmueble.net\/index.php\/blog\/\" \/>\n<meta property=\"og:locale\" content=\"es_ES\" \/>\n<meta property=\"og:type\" content=\"article\" \/>\n<meta property=\"og:title\" content=\"Blog inmobiliario en Madrid | Tu inmueble.net - Tu inmueble.net\" \/>\n<meta property=\"og:description\" content=\"BLOG INMOBILIARIOConsejos para vender, alquilar y gestionar tu vivienda en MadridGu\u00edas pr\u00e1cticas, an\u00e1lisis del mercado inmobiliario madrile\u00f1o y respuestas claras a las dudas m\u00e1s frecuentes de propietarios, compradores e inquilinos.EXPLORA POR TEM\u00c1TICASLo que m\u00e1s interesa a propietarios y compradoresC\u00f3mo fijar el precio, qu\u00e9 documentaci\u00f3n necesitas, plusval\u00eda municipal e IRPF al vender en Madrid.C\u00f3mo seleccionar inquilinos [&hellip;]\" \/>\n<meta property=\"og:url\" content=\"https:\/\/www.tuinmueble.net\/index.php\/blog\/\" \/>\n<meta property=\"og:site_name\" content=\"Tu inmueble.net\" \/>\n<meta property=\"article:modified_time\" content=\"2026-05-10T17:06:35+00:00\" \/>\n<meta name=\"twitter:card\" content=\"summary_large_image\" \/>\n<meta name=\"twitter:label1\" content=\"Tiempo de lectura\" \/>\n\t<meta name=\"twitter:data1\" content=\"10 minutos\" \/>\n<script type=\"application\/ld+json\" class=\"yoast-schema-graph\">{\"@context\":\"https:\\\/\\\/schema.org\",\"@graph\":[{\"@type\":\"WebPage\",\"@id\":\"https:\\\/\\\/www.tuinmueble.net\\\/index.php\\\/blog\\\/\",\"url\":\"https:\\\/\\\/www.tuinmueble.net\\\/index.php\\\/blog\\\/\",\"name\":\"Blog inmobiliario en Madrid | Tu inmueble.net - Tu inmueble.net\",\"isPartOf\":{\"@id\":\"http:\\\/\\\/www.tuinmueble.net\\\/#website\"},\"datePublished\":\"2026-05-10T10:08:59+00:00\",\"dateModified\":\"2026-05-10T17:06:35+00:00\",\"breadcrumb\":{\"@id\":\"https:\\\/\\\/www.tuinmueble.net\\\/index.php\\\/blog\\\/#breadcrumb\"},\"inLanguage\":\"es\",\"potentialAction\":[{\"@type\":\"ReadAction\",\"target\":[\"https:\\\/\\\/www.tuinmueble.net\\\/index.php\\\/blog\\\/\"]}]},{\"@type\":\"BreadcrumbList\",\"@id\":\"https:\\\/\\\/www.tuinmueble.net\\\/index.php\\\/blog\\\/#breadcrumb\",\"itemListElement\":[{\"@type\":\"ListItem\",\"position\":1,\"name\":\"Portada\",\"item\":\"https:\\\/\\\/www.tuinmueble.net\\\/\"},{\"@type\":\"ListItem\",\"position\":2,\"name\":\"Blog inmobiliario en Madrid | Tu inmueble.net\"}]},{\"@type\":\"WebSite\",\"@id\":\"http:\\\/\\\/www.tuinmueble.net\\\/#website\",\"url\":\"http:\\\/\\\/www.tuinmueble.net\\\/\",\"name\":\"Tu inmueble.net\",\"description\":\"tu inmobiliaria de confianza\",\"potentialAction\":[{\"@type\":\"SearchAction\",\"target\":{\"@type\":\"EntryPoint\",\"urlTemplate\":\"http:\\\/\\\/www.tuinmueble.net\\\/?s={search_term_string}\"},\"query-input\":{\"@type\":\"PropertyValueSpecification\",\"valueRequired\":true,\"valueName\":\"search_term_string\"}}],\"inLanguage\":\"es\"}]}<\/script>\n<!-- \/ Yoast SEO plugin. -->","yoast_head_json":{"title":"Blog inmobiliario en Madrid | Tu inmueble.net - Tu inmueble.net","robots":{"index":"index","follow":"follow","max-snippet":"max-snippet:-1","max-image-preview":"max-image-preview:large","max-video-preview":"max-video-preview:-1"},"canonical":"https:\/\/www.tuinmueble.net\/index.php\/blog\/","og_locale":"es_ES","og_type":"article","og_title":"Blog inmobiliario en Madrid | Tu inmueble.net - Tu inmueble.net","og_description":"BLOG INMOBILIARIOConsejos para vender, alquilar y gestionar tu vivienda en MadridGu\u00edas pr\u00e1cticas, an\u00e1lisis del mercado inmobiliario madrile\u00f1o y respuestas claras a las dudas m\u00e1s frecuentes de propietarios, compradores e inquilinos.EXPLORA POR TEM\u00c1TICASLo que m\u00e1s interesa a propietarios y compradoresC\u00f3mo fijar el precio, qu\u00e9 documentaci\u00f3n necesitas, plusval\u00eda municipal e IRPF al vender en Madrid.C\u00f3mo seleccionar inquilinos [&hellip;]","og_url":"https:\/\/www.tuinmueble.net\/index.php\/blog\/","og_site_name":"Tu inmueble.net","article_modified_time":"2026-05-10T17:06:35+00:00","twitter_card":"summary_large_image","twitter_misc":{"Tiempo de lectura":"10 minutos"},"schema":{"@context":"https:\/\/schema.org","@graph":[{"@type":"WebPage","@id":"https:\/\/www.tuinmueble.net\/index.php\/blog\/","url":"https:\/\/www.tuinmueble.net\/index.php\/blog\/","name":"Blog inmobiliario en Madrid | Tu inmueble.net - Tu inmueble.net","isPartOf":{"@id":"http:\/\/www.tuinmueble.net\/#website"},"datePublished":"2026-05-10T10:08:59+00:00","dateModified":"2026-05-10T17:06:35+00:00","breadcrumb":{"@id":"https:\/\/www.tuinmueble.net\/index.php\/blog\/#breadcrumb"},"inLanguage":"es","potentialAction":[{"@type":"ReadAction","target":["https:\/\/www.tuinmueble.net\/index.php\/blog\/"]}]},{"@type":"BreadcrumbList","@id":"https:\/\/www.tuinmueble.net\/index.php\/blog\/#breadcrumb","itemListElement":[{"@type":"ListItem","position":1,"name":"Portada","item":"https:\/\/www.tuinmueble.net\/"},{"@type":"ListItem","position":2,"name":"Blog inmobiliario en Madrid | Tu inmueble.net"}]},{"@type":"WebSite","@id":"http:\/\/www.tuinmueble.net\/#website","url":"http:\/\/www.tuinmueble.net\/","name":"Tu inmueble.net","description":"tu inmobiliaria de confianza","potentialAction":[{"@type":"SearchAction","target":{"@type":"EntryPoint","urlTemplate":"http:\/\/www.tuinmueble.net\/?s={search_term_string}"},"query-input":{"@type":"PropertyValueSpecification","valueRequired":true,"valueName":"search_term_string"}}],"inLanguage":"es"}]}},"_links":{"self":[{"href":"http:\/\/www.tuinmueble.net\/index.php\/wp-json\/wp\/v2\/pages\/204","targetHints":{"allow":["GET"]}}],"collection":[{"href":"http:\/\/www.tuinmueble.net\/index.php\/wp-json\/wp\/v2\/pages"}],"about":[{"href":"http:\/\/www.tuinmueble.net\/index.php\/wp-json\/wp\/v2\/types\/page"}],"author":[{"embeddable":true,"href":"http:\/\/www.tuinmueble.net\/index.php\/wp-json\/wp\/v2\/users\/1"}],"replies":[{"embeddable":true,"href":"http:\/\/www.tuinmueble.net\/index.php\/wp-json\/wp\/v2\/comments?post=204"}],"version-history":[{"count":1,"href":"http:\/\/www.tuinmueble.net\/index.php\/wp-json\/wp\/v2\/pages\/204\/revisions"}],"predecessor-version":[{"id":230,"href":"http:\/\/www.tuinmueble.net\/index.php\/wp-json\/wp\/v2\/pages\/204\/revisions\/230"}],"wp:attachment":[{"href":"http:\/\/www.tuinmueble.net\/index.php\/wp-json\/wp\/v2\/media?parent=204"}],"curies":[{"name":"wp","href":"https:\/\/api.w.org\/{rel}","templated":true}]}}